{"id":84,"date":"2026-04-21T16:52:38","date_gmt":"2026-04-21T14:52:38","guid":{"rendered":"https:\/\/www.riotintoproyectos.com\/contacto\/"},"modified":"2026-04-24T13:20:02","modified_gmt":"2026-04-24T11:20:02","slug":"contacto","status":"publish","type":"page","link":"https:\/\/www.riotintoproyectos.com\/es\/contacto\/","title":{"rendered":"Contacto"},"content":{"rendered":"<div class=\"et_pb_section_0 et_pb_section et_section_regular et_flex_section\">\n<div class=\"et_pb_row_0 et_pb_row et_flex_row\">\n<div class=\"et_pb_column_0 et_pb_column et-last-child et_flex_column et_pb_css_mix_blend_mode_passthrough et_flex_column_24_24 et_flex_column_24_24_tablet et_flex_column_24_24_phone\">\n<div class=\"et_pb_heading_0 et_pb_heading et_pb_module et_flex_module\"><div class=\"et_pb_heading_container\"><h1 class=\"et_pb_module_header\">Contacto<\/h1><\/div><\/div>\n<\/div>\n<\/div>\n\n<div class=\"et_pb_row_1 et_pb_row et_flex_row\">\n<div class=\"et_pb_column_1 et_pb_column et-last-child et_flex_column et_pb_css_mix_blend_mode_passthrough et_flex_column_24_24 et_flex_column_24_24_tablet et_flex_column_24_24_phone\">\n<div class=\"et_pb_contact_form_0 et_pb_contact_form_container clearfix et_pb_module et_flex_module\" data-form_unique_num=\"0\" data-form_unique_id=\"09f73b74-cf98-44ae-bee7-133c42297ffa\" id=\"et_pb_contact_form_09f73b74-cf98-44ae-bee7-133c42297ffa\"><div class=\"et-pb-contact-message\"><\/div><div class=\"et_pb_contact\"><form class=\"et_pb_contact_form et_flex_module\" method=\"post\" action=\"https:\/\/www.riotintoproyectos.com\/es\/wp-json\/wp\/v2\/pages\/84\">\n<div class=\"et_pb_contact_field_0 et_pb_contact_field et_pb_module et_flex_module et_flex_column_24_24 et_flex_column_24_24_tablet et_flex_column_24_24_phone\" data-id=\"name\" data-type=\"input\"><label class=\"et_pb_contact_form_label\" for=\"et_pb_contact_0_name_0\">Nombre<\/label><input type=\"text\" name=\"et_pb_contact_0_name_0\" id=\"et_pb_contact_0_name_0\" class=\"input\" data-required_mark=\"required\" data-field_type=\"input\" data-original_id=\"name\" placeholder=\"Nombre\" title=\"\" value=\"\" \/><\/div>\n\n<div class=\"et_pb_contact_field_1 et_pb_contact_field et_pb_module et_flex_module et_flex_column_24_24 et_flex_column_24_24_tablet et_flex_column_24_24_phone\" data-id=\"email\" data-type=\"email\"><label class=\"et_pb_contact_form_label\" for=\"et_pb_contact_0_email_1\">E-mail<\/label><input type=\"text\" name=\"et_pb_contact_0_email_1\" id=\"et_pb_contact_0_email_1\" class=\"input\" data-required_mark=\"required\" data-field_type=\"email\" data-original_id=\"email\" placeholder=\"E-mail\" title=\"\" value=\"\" \/><\/div>\n\n<div class=\"et_pb_contact_field_2 et_pb_contact_field et_pb_module et_flex_module et_flex_column_24_24 et_flex_column_24_24_tablet et_flex_column_24_24_phone\" data-id=\"phone\" data-type=\"input\"><label class=\"et_pb_contact_form_label\" for=\"et_pb_contact_0_phone_2\">Tel\u00e9fono<\/label><input type=\"text\" name=\"et_pb_contact_0_phone_2\" id=\"et_pb_contact_0_phone_2\" class=\"input\" data-required_mark=\"required\" data-field_type=\"input\" data-original_id=\"phone\" placeholder=\"Tel\u00e9fono\" pattern=\"[0-9\\s\\-]{6,20}\" title=\"Solo se permiten n\u00fameros.Longitud m\u00ednima: 6 caracteres. Longitud m\u00e1xima: 20 caracteres.\" maxlength=\"20\" value=\"\" \/><\/div>\n\n<div class=\"et_pb_contact_field_3 et_pb_contact_field has-background et_pb_module et_flex_module et_flex_column_24_24 et_flex_column_24_24_tablet et_flex_column_24_24_phone\" data-id=\"message\" data-type=\"text\"><label class=\"et_pb_contact_form_label\" for=\"et_pb_contact_0_message_3\">D\u00edganos cu\u00e1l es su inter\u00e9s<\/label><textarea name=\"et_pb_contact_0_message_3\" id=\"et_pb_contact_0_message_3\" class=\"et_pb_contact_message input\" data-required_mark=\"required\" data-field_type=\"text\" data-original_id=\"message\" placeholder=\"D\u00edganos cu\u00e1l es su inter\u00e9s\"><\/textarea><\/div>\n<input type=\"hidden\" name=\"et_pb_contactform_submit_09f73b74-cf98-44ae-bee7-133c42297ffa\" value=\"et_contact_proccess\" \/><div class=\"et_contact_bottom_container\"><div class=\"et_pb_contact_right et_pb_contact_field\"><p class=\"clearfix\"><label><span class=\"et_pb_contact_captcha_question\">3 + 6<\/span> = <input type=\"text\" size=\"2\" class=\"input et_pb_contact_captcha\" data-first_digit=\"3\" data-second_digit=\"6\" data-required_mark=\"required\" name=\"et_pb_contact_captcha_09f73b74-cf98-44ae-bee7-133c42297ffa\" autocomplete=\"off\" \/><\/label><\/p><\/div><div class=\"et_pb_button_wrapper\"><button type=\"submit\" name=\"et_builder_submit_button\" class=\"et_pb_button et_pb_contact_submit\">Submit<\/button><\/div><\/div><input type=\"hidden\" id=\"_wpnonce-et-pb-contact-form-submitted-09f73b74-cf98-44ae-bee7-133c42297ffa\" name=\"_wpnonce-et-pb-contact-form-submitted-09f73b74-cf98-44ae-bee7-133c42297ffa\" value=\"c0c2a219a4\" \/><input type=\"hidden\" name=\"_wp_http_referer\" value=\"\/es\/wp-json\/wp\/v2\/pages\/84\" \/><\/form><\/div><\/div>\n<\/div>\n<\/div>\n<\/div>","protected":false},"excerpt":{"rendered":"","protected":false},"author":1,"featured_media":94,"parent":0,"menu_order":5,"comment_status":"closed","ping_status":"closed","template":"","meta":{"footnotes":""},"class_list":["post-84","page","type-page","status-publish","has-post-thumbnail","hentry"],"yoast_head":"<!-- This site is optimized with the Yoast SEO plugin v27.5 - https:\/\/yoast.com\/product\/yoast-seo-wordpress\/ -->\n<title>Contacto | RioTinto Proyectos<\/title>\n<meta name=\"description\" content=\"Contacte con RioTinto Proyectos para servicios de consultor\u00eda, ingenier\u00eda e I+D en miner\u00eda y metalurgia.\" \/>\n<meta name=\"robots\" content=\"index, follow, max-snippet:-1, max-image-preview:large, max-video-preview:-1\" \/>\n<link rel=\"canonical\" href=\"https:\/\/www.riotintoproyectos.com\/es\/contacto\/\" \/>\n<meta property=\"og:locale\" content=\"es_ES\" \/>\n<meta property=\"og:type\" content=\"article\" \/>\n<meta property=\"og:title\" content=\"Contacto | RioTinto Proyectos\" \/>\n<meta property=\"og:description\" content=\"Contacte con RioTinto Proyectos para servicios de consultor\u00eda, ingenier\u00eda e I+D en miner\u00eda y metalurgia.\" \/>\n<meta property=\"og:url\" content=\"https:\/\/www.riotintoproyectos.com\/es\/contacto\/\" \/>\n<meta property=\"og:site_name\" content=\"RioTinto Proyectos y Desarrollos\" \/>\n<meta property=\"article:modified_time\" content=\"2026-04-24T11:20:02+00:00\" \/>\n<meta name=\"twitter:card\" content=\"summary_large_image\" \/>\n<script type=\"application\/ld+json\" class=\"yoast-schema-graph\">{\"@context\":\"https:\\\/\\\/schema.org\",\"@graph\":[{\"@type\":\"WebPage\",\"@id\":\"https:\\\/\\\/www.riotintoproyectos.com\\\/es\\\/contacto\\\/\",\"url\":\"https:\\\/\\\/www.riotintoproyectos.com\\\/es\\\/contacto\\\/\",\"name\":\"Contacto | RioTinto Proyectos\",\"isPartOf\":{\"@id\":\"https:\\\/\\\/www.riotintoproyectos.com\\\/es\\\/#website\"},\"primaryImageOfPage\":{\"@id\":\"https:\\\/\\\/www.riotintoproyectos.com\\\/es\\\/contacto\\\/#primaryimage\"},\"image\":{\"@id\":\"https:\\\/\\\/www.riotintoproyectos.com\\\/es\\\/contacto\\\/#primaryimage\"},\"thumbnailUrl\":\"https:\\\/\\\/www.riotintoproyectos.com\\\/wp-content\\\/uploads\\\/Rio-Tinto-Proyectos.avif\",\"datePublished\":\"2026-04-21T14:52:38+00:00\",\"dateModified\":\"2026-04-24T11:20:02+00:00\",\"description\":\"Contacte con RioTinto Proyectos para servicios de consultor\u00eda, ingenier\u00eda e I+D en miner\u00eda y metalurgia.\",\"breadcrumb\":{\"@id\":\"https:\\\/\\\/www.riotintoproyectos.com\\\/es\\\/contacto\\\/#breadcrumb\"},\"inLanguage\":\"es\",\"potentialAction\":[{\"@type\":\"ReadAction\",\"target\":[\"https:\\\/\\\/www.riotintoproyectos.com\\\/es\\\/contacto\\\/\"]}]},{\"@type\":\"ImageObject\",\"inLanguage\":\"es\",\"@id\":\"https:\\\/\\\/www.riotintoproyectos.com\\\/es\\\/contacto\\\/#primaryimage\",\"url\":\"https:\\\/\\\/www.riotintoproyectos.com\\\/wp-content\\\/uploads\\\/Rio-Tinto-Proyectos.avif\",\"contentUrl\":\"https:\\\/\\\/www.riotintoproyectos.com\\\/wp-content\\\/uploads\\\/Rio-Tinto-Proyectos.avif\",\"width\":1042,\"height\":388,\"caption\":\"Rio Tinto Proyectos\"},{\"@type\":\"BreadcrumbList\",\"@id\":\"https:\\\/\\\/www.riotintoproyectos.com\\\/es\\\/contacto\\\/#breadcrumb\",\"itemListElement\":[{\"@type\":\"ListItem\",\"position\":1,\"name\":\"Home\",\"item\":\"https:\\\/\\\/www.riotintoproyectos.com\\\/es\\\/\"},{\"@type\":\"ListItem\",\"position\":2,\"name\":\"Contacto\"}]},{\"@type\":\"WebSite\",\"@id\":\"https:\\\/\\\/www.riotintoproyectos.com\\\/es\\\/#website\",\"url\":\"https:\\\/\\\/www.riotintoproyectos.com\\\/es\\\/\",\"name\":\"RioTinto Proyectos y Desarrollos\",\"description\":\"Procesamiento de Minerales - Hidrometalugia - Reciclaje\",\"publisher\":{\"@id\":\"https:\\\/\\\/www.riotintoproyectos.com\\\/es\\\/#organization\"},\"alternateName\":\"RioTinto Proyectos\",\"potentialAction\":[{\"@type\":\"SearchAction\",\"target\":{\"@type\":\"EntryPoint\",\"urlTemplate\":\"https:\\\/\\\/www.riotintoproyectos.com\\\/es\\\/?s={search_term_string}\"},\"query-input\":{\"@type\":\"PropertyValueSpecification\",\"valueRequired\":true,\"valueName\":\"search_term_string\"}}],\"inLanguage\":\"es\"},{\"@type\":\"Organization\",\"@id\":\"https:\\\/\\\/www.riotintoproyectos.com\\\/es\\\/#organization\",\"name\":\"RioTinto Proyectos y Desarrollos\",\"alternateName\":\"RioTinto\",\"url\":\"https:\\\/\\\/www.riotintoproyectos.com\\\/es\\\/\",\"logo\":{\"@type\":\"ImageObject\",\"inLanguage\":\"es\",\"@id\":\"https:\\\/\\\/www.riotintoproyectos.com\\\/es\\\/#\\\/schema\\\/logo\\\/image\\\/\",\"url\":\"https:\\\/\\\/www.riotintoproyectos.com\\\/wp-content\\\/uploads\\\/Rio-Tinto-Proyectos-Logo-cuadrado.jpg\",\"contentUrl\":\"https:\\\/\\\/www.riotintoproyectos.com\\\/wp-content\\\/uploads\\\/Rio-Tinto-Proyectos-Logo-cuadrado.jpg\",\"width\":600,\"height\":600,\"caption\":\"RioTinto Proyectos y Desarrollos\"},\"image\":{\"@id\":\"https:\\\/\\\/www.riotintoproyectos.com\\\/es\\\/#\\\/schema\\\/logo\\\/image\\\/\"}}]}<\/script>\n<!-- \/ Yoast SEO plugin. -->","yoast_head_json":{"title":"Contacto | RioTinto Proyectos","description":"Contacte con RioTinto Proyectos para servicios de consultor\u00eda, ingenier\u00eda e I+D en miner\u00eda y metalurgia.","robots":{"index":"index","follow":"follow","max-snippet":"max-snippet:-1","max-image-preview":"max-image-preview:large","max-video-preview":"max-video-preview:-1"},"canonical":"https:\/\/www.riotintoproyectos.com\/es\/contacto\/","og_locale":"es_ES","og_type":"article","og_title":"Contacto | RioTinto Proyectos","og_description":"Contacte con RioTinto Proyectos para servicios de consultor\u00eda, ingenier\u00eda e I+D en miner\u00eda y metalurgia.","og_url":"https:\/\/www.riotintoproyectos.com\/es\/contacto\/","og_site_name":"RioTinto Proyectos y Desarrollos","article_modified_time":"2026-04-24T11:20:02+00:00","twitter_card":"summary_large_image","schema":{"@context":"https:\/\/schema.org","@graph":[{"@type":"WebPage","@id":"https:\/\/www.riotintoproyectos.com\/es\/contacto\/","url":"https:\/\/www.riotintoproyectos.com\/es\/contacto\/","name":"Contacto | RioTinto Proyectos","isPartOf":{"@id":"https:\/\/www.riotintoproyectos.com\/es\/#website"},"primaryImageOfPage":{"@id":"https:\/\/www.riotintoproyectos.com\/es\/contacto\/#primaryimage"},"image":{"@id":"https:\/\/www.riotintoproyectos.com\/es\/contacto\/#primaryimage"},"thumbnailUrl":"https:\/\/www.riotintoproyectos.com\/wp-content\/uploads\/Rio-Tinto-Proyectos.avif","datePublished":"2026-04-21T14:52:38+00:00","dateModified":"2026-04-24T11:20:02+00:00","description":"Contacte con RioTinto Proyectos para servicios de consultor\u00eda, ingenier\u00eda e I+D en miner\u00eda y metalurgia.","breadcrumb":{"@id":"https:\/\/www.riotintoproyectos.com\/es\/contacto\/#breadcrumb"},"inLanguage":"es","potentialAction":[{"@type":"ReadAction","target":["https:\/\/www.riotintoproyectos.com\/es\/contacto\/"]}]},{"@type":"ImageObject","inLanguage":"es","@id":"https:\/\/www.riotintoproyectos.com\/es\/contacto\/#primaryimage","url":"https:\/\/www.riotintoproyectos.com\/wp-content\/uploads\/Rio-Tinto-Proyectos.avif","contentUrl":"https:\/\/www.riotintoproyectos.com\/wp-content\/uploads\/Rio-Tinto-Proyectos.avif","width":1042,"height":388,"caption":"Rio Tinto Proyectos"},{"@type":"BreadcrumbList","@id":"https:\/\/www.riotintoproyectos.com\/es\/contacto\/#breadcrumb","itemListElement":[{"@type":"ListItem","position":1,"name":"Home","item":"https:\/\/www.riotintoproyectos.com\/es\/"},{"@type":"ListItem","position":2,"name":"Contacto"}]},{"@type":"WebSite","@id":"https:\/\/www.riotintoproyectos.com\/es\/#website","url":"https:\/\/www.riotintoproyectos.com\/es\/","name":"RioTinto Proyectos y Desarrollos","description":"Procesamiento de Minerales - Hidrometalugia - Reciclaje","publisher":{"@id":"https:\/\/www.riotintoproyectos.com\/es\/#organization"},"alternateName":"RioTinto Proyectos","potentialAction":[{"@type":"SearchAction","target":{"@type":"EntryPoint","urlTemplate":"https:\/\/www.riotintoproyectos.com\/es\/?s={search_term_string}"},"query-input":{"@type":"PropertyValueSpecification","valueRequired":true,"valueName":"search_term_string"}}],"inLanguage":"es"},{"@type":"Organization","@id":"https:\/\/www.riotintoproyectos.com\/es\/#organization","name":"RioTinto Proyectos y Desarrollos","alternateName":"RioTinto","url":"https:\/\/www.riotintoproyectos.com\/es\/","logo":{"@type":"ImageObject","inLanguage":"es","@id":"https:\/\/www.riotintoproyectos.com\/es\/#\/schema\/logo\/image\/","url":"https:\/\/www.riotintoproyectos.com\/wp-content\/uploads\/Rio-Tinto-Proyectos-Logo-cuadrado.jpg","contentUrl":"https:\/\/www.riotintoproyectos.com\/wp-content\/uploads\/Rio-Tinto-Proyectos-Logo-cuadrado.jpg","width":600,"height":600,"caption":"RioTinto Proyectos y Desarrollos"},"image":{"@id":"https:\/\/www.riotintoproyectos.com\/es\/#\/schema\/logo\/image\/"}}]}},"_links":{"self":[{"href":"https:\/\/www.riotintoproyectos.com\/es\/wp-json\/wp\/v2\/pages\/84","targetHints":{"allow":["GET"]}}],"collection":[{"href":"https:\/\/www.riotintoproyectos.com\/es\/wp-json\/wp\/v2\/pages"}],"about":[{"href":"https:\/\/www.riotintoproyectos.com\/es\/wp-json\/wp\/v2\/types\/page"}],"author":[{"embeddable":true,"href":"https:\/\/www.riotintoproyectos.com\/es\/wp-json\/wp\/v2\/users\/1"}],"replies":[{"embeddable":true,"href":"https:\/\/www.riotintoproyectos.com\/es\/wp-json\/wp\/v2\/comments?post=84"}],"version-history":[{"count":0,"href":"https:\/\/www.riotintoproyectos.com\/es\/wp-json\/wp\/v2\/pages\/84\/revisions"}],"wp:featuredmedia":[{"embeddable":true,"href":"https:\/\/www.riotintoproyectos.com\/es\/wp-json\/wp\/v2\/media\/94"}],"wp:attachment":[{"href":"https:\/\/www.riotintoproyectos.com\/es\/wp-json\/wp\/v2\/media?parent=84"}],"curies":[{"name":"wp","href":"https:\/\/api.w.org\/{rel}","templated":true}]}}