{"id":81,"date":"2025-11-11T16:25:38","date_gmt":"2025-11-11T15:25:38","guid":{"rendered":"https:\/\/www.riotintoproyectos.com\/servicios\/"},"modified":"2026-04-24T14:25:00","modified_gmt":"2026-04-24T12:25:00","slug":"servicios","status":"publish","type":"page","link":"https:\/\/www.riotintoproyectos.com\/es\/servicios\/","title":{"rendered":"Servicios"},"content":{"rendered":"<div class=\"et_pb_section_0 et_pb_section et_section_regular et_flex_section\">\n<div class=\"et_pb_row_0 et_pb_row et_flex_row\">\n<div class=\"et_pb_column_0 et_pb_column et-last-child et_flex_column et_pb_css_mix_blend_mode_passthrough et_flex_column_24_24 et_flex_column_24_24_tablet et_flex_column_24_24_phone\">\n<div class=\"et_pb_heading_0 et_pb_heading et_pb_module et_flex_module\"><div class=\"et_pb_heading_container\"><h1 class=\"et_pb_module_header\">Servicios<\/h1><\/div><\/div>\n<\/div>\n<\/div>\n\n<div class=\"et_pb_row_1 et_pb_row et_flex_row\">\n<div class=\"et_pb_column_1 et_pb_column et-last-child et_flex_column et_pb_css_mix_blend_mode_passthrough et_flex_column_24_24 et_flex_column_24_24_tablet et_flex_column_24_24_phone\">\n<div class=\"et_pb_text_0 et_pb_text et_pb_bg_layout_light et_pb_module et_flex_module\"><div class=\"et_pb_text_inner\"><h2><strong><u>ESTUDIOS Y AUDITOR\u00cdAS<\/u><\/strong><\/h2>\n<p><strong>RTP ofrece a sus clientes diferentes tipos de consultor\u00eda y asesor\u00eda minera t\u00e9cnica y servicios para desarrollar proyectos de I+D y de ingenier\u00eda de procesos, adaptados a las necesidades de las empresas y de cada proyecto en particular.<\/strong><\/p>\n<p><strong>RTP ofrece Estudios t\u00e9cnico-econ\u00f3micos y Auditor\u00edas<\/strong> para empresas minero-metal\u00fargicas en el sector de los minerales met\u00e1licos. El uso de metodolog\u00edas y sistemas avanzados de an\u00e1lisis y evaluaci\u00f3n de problemas complejos conforman el \u00e9xito y la calidad de nuestro trabajo, que se basa fundamentalmente en la confianza y en la colaboraci\u00f3n abierta y permanente con nuestros clientes.<\/p>\n<p>El equipo de RTP ha desarrollado una buena comprensi\u00f3n de las necesidades y oportunidades que demanda el sector de la miner\u00eda met\u00e1lica y trata de proporcionar soluciones \u00f3ptimas a sus clientes, atendiendo a sus criterios e intereses.<\/p>\n<p>Para lograr los objetivos propuestos en cada proyecto, RTP hace uso de la vasta experiencia de su equipo profesional din\u00e1mico, flexible e innovador con un historial que representa una prueba s\u00f3lida de nuestras habilidades y capacidades. Cuando es necesario, RTP establece acuerdos con expertos y socios estrat\u00e9gicos para complementar sus capacidades y servicios, ofreciendo siempre a sus clientes la mejor calidad y fiabilidad en sus actividades de I+D y trabajos de ingenier\u00eda preliminar.<\/p>\n<\/div><\/div>\n\n<div class=\"et_pb_image_0 et_pb_image et_pb_module et_flex_module\"><span class=\"et_pb_image_wrap\"><img loading=\"lazy\" decoding=\"async\" src=\"https:\/\/www.riotintoproyectos.com\/wp-content\/uploads\/Asesorias-a-empresas-mineras-RioTinto-Proyectos.avif\" alt=\"Asesor\u00edas a empresas mineras RioTinto Proyectos\" title=\"Asesor\u00edas a empresas mineras RioTinto Proyectos\" width=\"881\" height=\"661\" srcset=\"https:\/\/www.riotintoproyectos.com\/wp-content\/uploads\/Asesorias-a-empresas-mineras-RioTinto-Proyectos.avif 881w, https:\/\/www.riotintoproyectos.com\/wp-content\/uploads\/Asesorias-a-empresas-mineras-RioTinto-Proyectos-300x225.jpg 300w, https:\/\/www.riotintoproyectos.com\/wp-content\/uploads\/Asesorias-a-empresas-mineras-RioTinto-Proyectos-768x576.jpg 768w, https:\/\/www.riotintoproyectos.com\/wp-content\/uploads\/Asesorias-a-empresas-mineras-RioTinto-Proyectos-510x382.jpg 510w, https:\/\/www.riotintoproyectos.com\/wp-content\/uploads\/Asesorias-a-empresas-mineras-RioTinto-Proyectos-480x360.jpg 480w\" sizes=\"(max-width: 881px) 100vw, 881px\" class=\"wp-image-103\" \/><\/span><\/div>\n<\/div>\n<\/div>\n\n<div class=\"et_pb_row_2 et_pb_row et_flex_row\">\n<div class=\"et_pb_column_2 et_pb_column et-last-child et_flex_column et_pb_css_mix_blend_mode_passthrough et_flex_column_24_24 et_flex_column_24_24_tablet et_flex_column_24_24_phone\">\n<div class=\"et_pb_text_1 et_pb_text et_pb_bg_layout_light et_pb_module et_flex_module\"><div class=\"et_pb_text_inner\"><h2><strong><u>INVESTIGACI\u00d3N Y DESARROLLO (I+D)<\/u><\/strong><\/h2>\n<p><strong>Las principales \u00e1reas tecnol\u00f3gicas donde RTP colabora con sus clientes ofreciendo Servicios de I+D+i incluyen: (i) Procesamiento de minerales, cubriendo todas las etapas del proceso, (ii) Beneficio hidrometal\u00fargico de minerales primarios y de concentrados, particularmente sulfuros polimet\u00e1licos y complejos, y (iii) Econom\u00eda Circular, como es el reprocesamiento de \u201ctailings\u201d y residuos minero-metal\u00fargicos, as\u00ed como el reciclaje de materiales secundarios como bater\u00edas agotadas, etc.<\/strong><\/p>\n<p><strong>RTP coopera <\/strong>con sus clientes en el desarrollo de tecnolog\u00edas innovadoras para la recuperaci\u00f3n eficiente y sostenible de metales b\u00e1sicos, metales preciosos, materias primas cr\u00edticas (CRM, SRM) y metales de transici\u00f3n energ\u00e9tica (tierras raras, litio, cobalto, etc.). El equipo de RTP tiene amplia experiencia para analizar, definir, planificar y llevar a cabo las actividades de I+D necesarias, desde los trabajos experimentales a escala de laboratorio y de banco de pruebas, hasta instalaciones piloto y de demostraci\u00f3n; RTP cuenta con conocimientos y amplia experiencia para realizar todas estas tareas con \u00e9xito y con un gasto razonable, y se podr\u00e1n ejecutar en las instalaciones de su cliente o en laboratorios externos.<\/p>\n<p>El objeto primordial de las actividades de I+D es progresar y alcanzar el TRL (nivel de desarrollo tecnol\u00f3gico) requerido desde la investigaci\u00f3n b\u00e1sica (TRL 2-4) hasta la demostraci\u00f3n y pruebas de prototipo (TRL 6-8). Los expertos de RTP ofrecer\u00e1n soluciones tecnol\u00f3gicas que creen valor a\u00f1adido en respuesta a los desaf\u00edos que se plantea la industria minero-metal\u00fargica del s. XXI. Cuando sea conveniente, RTP recomendar\u00e1 a sus clientes laboratorios comerciales de an\u00e1lisis qu\u00edmico, de an\u00e1lisis mineral\u00f3gico y de ensayos metal\u00fargicos apropiados y de reconocido prestigio, que son vitales para llevar a cabo de manera eficiente y fiable los trabajos de I+D asociados con el desarrollo de proyectos de investigaci\u00f3n. En el caso de que los clientes necesiten la instalaci\u00f3n de nuevos laboratorios metal\u00fargicos o instalaciones piloto para realizar internamente sus pruebas metal\u00fargicas, RTP brindar\u00e1 asistencia t\u00e9cnica para dise\u00f1ar las instalaciones de I+D, definir los equipos y dispositivos requeridos e implementar los protocolos y los est\u00e1ndares de control de calidad QA\/QC basados en aplicaciones LIMS, con objeto de optimizar el funcionamiento de las actividades de I+D y los resultados de la investigaci\u00f3n.<\/p>\n<\/div><\/div>\n<\/div>\n<\/div>\n\n<div class=\"et_pb_row_3 et_pb_row et_flex_row\">\n<div class=\"et_pb_column_3 et_pb_column et-last-child et_flex_column et_pb_css_mix_blend_mode_passthrough et_flex_column_24_24 et_flex_column_24_24_tablet et_flex_column_24_24_phone\">\n<div class=\"et_pb_text_2 et_pb_text et_pb_bg_layout_light et_pb_module et_flex_module\"><div class=\"et_pb_text_inner\"><h2><strong><u>DISE\u00d1O E INGENIER\u00cdA DE PROCESOS<\/u><\/strong><\/h2>\n<p><strong>RTP proporciona una amplia gama de servicios sobre el Dise\u00f1o e Ingenier\u00eda de Procesos.<\/strong><\/p>\n<p>Los metalurgistas e ingenieros de procesos de RTP cuentan con amplia experiencia y conocimiento en el desarrollo, dise\u00f1o e implementaci\u00f3n de nuevos proyectos industriales, asegurando que las ideas originales y los resultados de la investigaci\u00f3n de un nuevo proyecto puedan ser extrapolados y convertirse en una planta industrial fiable y eficiente; para ello, proporcionar\u00e1n la informaci\u00f3n t\u00e9cnica y la ingenier\u00eda conceptual y de dise\u00f1o del proceso que son necesarios para este prop\u00f3sito. RTP es el socio ideal para ejecutar eficientemente la etapa inicial de Ingenier\u00eda Conceptual y Evaluaci\u00f3n Preliminar del proyecto; las siguientes etapas de Ingenier\u00eda B\u00e1sica y de Detalle deben ser realizadas por otras empresas de ingenier\u00eda especializadas; RTP ser\u00e1 el socio de confianza de su cliente (actuando como ingenier\u00eda de la casa) en relaci\u00f3n con otras empresas.<\/p>\n<p>Los servicios de ingenier\u00eda que proporciona RTP incluyen:<\/p>\n<ul>\n<li>Definici\u00f3n de las bases del proyecto. Descripci\u00f3n de los procesos.<\/li>\n<li>Dise\u00f1o de las etapas del proceso e integraci\u00f3n en diagrama de flujo. Elaboraci\u00f3n de Diagramas de bloques y de procesos.<\/li>\n<li>Balance de masa y energ\u00e9tico. RTP recomienda el uso de software de simulaci\u00f3n de procesos, en particular el programa METSIM\u200b.<\/li>\n<li>Revisi\u00f3n de documentos de ingenier\u00eda y diagramas de flujo proporcionados por ingenier\u00eda de terceros.<\/li>\n<li>Herramientas para evaluaci\u00f3n de proyectos. Evaluaci\u00f3n econ\u00f3mica preliminar y Estudios de viabilidad. RTP recomienda \u201cAACE International, the Cost Estimate Classification System\u201d como gu\u00eda pr\u00e1ctica para aplicar los principios generales de estimaci\u00f3n de costes adaptados a cada fase de desarrollo del proyecto.<\/li>\n<\/ul>\n<\/div><\/div>\n<\/div>\n<\/div>\n<\/div>","protected":false},"excerpt":{"rendered":"","protected":false},"author":1,"featured_media":0,"parent":0,"menu_order":2,"comment_status":"closed","ping_status":"closed","template":"","meta":{"footnotes":""},"class_list":["post-81","page","type-page","status-publish","hentry"],"yoast_head":"<!-- This site is optimized with the Yoast SEO plugin v27.5 - https:\/\/yoast.com\/product\/yoast-seo-wordpress\/ -->\n<title>Servicios de Ingenier\u00eda y Consultor\u00eda Minera | RTP<\/title>\n<meta name=\"description\" content=\"Servicios de consultor\u00eda, ingenier\u00eda e I+D en procesamiento de minerales e hidrometalurgia para proyectos mineros.\" \/>\n<meta name=\"robots\" content=\"index, follow, max-snippet:-1, max-image-preview:large, max-video-preview:-1\" \/>\n<link rel=\"canonical\" href=\"https:\/\/www.riotintoproyectos.com\/es\/servicios\/\" \/>\n<meta property=\"og:locale\" content=\"es_ES\" \/>\n<meta property=\"og:type\" content=\"article\" \/>\n<meta property=\"og:title\" content=\"Servicios de Ingenier\u00eda y Consultor\u00eda Minera | RTP\" \/>\n<meta property=\"og:description\" content=\"Servicios de consultor\u00eda, ingenier\u00eda e I+D en procesamiento de minerales e hidrometalurgia para proyectos mineros.\" \/>\n<meta property=\"og:url\" content=\"https:\/\/www.riotintoproyectos.com\/es\/servicios\/\" \/>\n<meta property=\"og:site_name\" content=\"RioTinto Proyectos y Desarrollos\" \/>\n<meta property=\"article:modified_time\" content=\"2026-04-24T12:25:00+00:00\" \/>\n<meta name=\"twitter:card\" content=\"summary_large_image\" \/>\n<script type=\"application\/ld+json\" class=\"yoast-schema-graph\">{\"@context\":\"https:\\\/\\\/schema.org\",\"@graph\":[{\"@type\":\"WebPage\",\"@id\":\"https:\\\/\\\/www.riotintoproyectos.com\\\/es\\\/servicios\\\/\",\"url\":\"https:\\\/\\\/www.riotintoproyectos.com\\\/es\\\/servicios\\\/\",\"name\":\"Servicios de Ingenier\u00eda y Consultor\u00eda Minera | RTP\",\"isPartOf\":{\"@id\":\"https:\\\/\\\/www.riotintoproyectos.com\\\/es\\\/#website\"},\"datePublished\":\"2025-11-11T15:25:38+00:00\",\"dateModified\":\"2026-04-24T12:25:00+00:00\",\"description\":\"Servicios de consultor\u00eda, ingenier\u00eda e I+D en procesamiento de minerales e hidrometalurgia para proyectos mineros.\",\"breadcrumb\":{\"@id\":\"https:\\\/\\\/www.riotintoproyectos.com\\\/es\\\/servicios\\\/#breadcrumb\"},\"inLanguage\":\"es\",\"potentialAction\":[{\"@type\":\"ReadAction\",\"target\":[\"https:\\\/\\\/www.riotintoproyectos.com\\\/es\\\/servicios\\\/\"]}]},{\"@type\":\"BreadcrumbList\",\"@id\":\"https:\\\/\\\/www.riotintoproyectos.com\\\/es\\\/servicios\\\/#breadcrumb\",\"itemListElement\":[{\"@type\":\"ListItem\",\"position\":1,\"name\":\"Home\",\"item\":\"https:\\\/\\\/www.riotintoproyectos.com\\\/es\\\/\"},{\"@type\":\"ListItem\",\"position\":2,\"name\":\"Servicios\"}]},{\"@type\":\"WebSite\",\"@id\":\"https:\\\/\\\/www.riotintoproyectos.com\\\/es\\\/#website\",\"url\":\"https:\\\/\\\/www.riotintoproyectos.com\\\/es\\\/\",\"name\":\"RioTinto Proyectos y Desarrollos\",\"description\":\"Procesamiento de Minerales - Hidrometalugia - Reciclaje\",\"publisher\":{\"@id\":\"https:\\\/\\\/www.riotintoproyectos.com\\\/es\\\/#organization\"},\"alternateName\":\"RioTinto Proyectos\",\"potentialAction\":[{\"@type\":\"SearchAction\",\"target\":{\"@type\":\"EntryPoint\",\"urlTemplate\":\"https:\\\/\\\/www.riotintoproyectos.com\\\/es\\\/?s={search_term_string}\"},\"query-input\":{\"@type\":\"PropertyValueSpecification\",\"valueRequired\":true,\"valueName\":\"search_term_string\"}}],\"inLanguage\":\"es\"},{\"@type\":\"Organization\",\"@id\":\"https:\\\/\\\/www.riotintoproyectos.com\\\/es\\\/#organization\",\"name\":\"RioTinto Proyectos y Desarrollos\",\"alternateName\":\"RioTinto\",\"url\":\"https:\\\/\\\/www.riotintoproyectos.com\\\/es\\\/\",\"logo\":{\"@type\":\"ImageObject\",\"inLanguage\":\"es\",\"@id\":\"https:\\\/\\\/www.riotintoproyectos.com\\\/es\\\/#\\\/schema\\\/logo\\\/image\\\/\",\"url\":\"https:\\\/\\\/www.riotintoproyectos.com\\\/wp-content\\\/uploads\\\/Rio-Tinto-Proyectos-Logo-cuadrado.jpg\",\"contentUrl\":\"https:\\\/\\\/www.riotintoproyectos.com\\\/wp-content\\\/uploads\\\/Rio-Tinto-Proyectos-Logo-cuadrado.jpg\",\"width\":600,\"height\":600,\"caption\":\"RioTinto Proyectos y Desarrollos\"},\"image\":{\"@id\":\"https:\\\/\\\/www.riotintoproyectos.com\\\/es\\\/#\\\/schema\\\/logo\\\/image\\\/\"}}]}<\/script>\n<!-- \/ Yoast SEO plugin. -->","yoast_head_json":{"title":"Servicios de Ingenier\u00eda y Consultor\u00eda Minera | RTP","description":"Servicios de consultor\u00eda, ingenier\u00eda e I+D en procesamiento de minerales e hidrometalurgia para proyectos mineros.","robots":{"index":"index","follow":"follow","max-snippet":"max-snippet:-1","max-image-preview":"max-image-preview:large","max-video-preview":"max-video-preview:-1"},"canonical":"https:\/\/www.riotintoproyectos.com\/es\/servicios\/","og_locale":"es_ES","og_type":"article","og_title":"Servicios de Ingenier\u00eda y Consultor\u00eda Minera | RTP","og_description":"Servicios de consultor\u00eda, ingenier\u00eda e I+D en procesamiento de minerales e hidrometalurgia para proyectos mineros.","og_url":"https:\/\/www.riotintoproyectos.com\/es\/servicios\/","og_site_name":"RioTinto Proyectos y Desarrollos","article_modified_time":"2026-04-24T12:25:00+00:00","twitter_card":"summary_large_image","schema":{"@context":"https:\/\/schema.org","@graph":[{"@type":"WebPage","@id":"https:\/\/www.riotintoproyectos.com\/es\/servicios\/","url":"https:\/\/www.riotintoproyectos.com\/es\/servicios\/","name":"Servicios de Ingenier\u00eda y Consultor\u00eda Minera | RTP","isPartOf":{"@id":"https:\/\/www.riotintoproyectos.com\/es\/#website"},"datePublished":"2025-11-11T15:25:38+00:00","dateModified":"2026-04-24T12:25:00+00:00","description":"Servicios de consultor\u00eda, ingenier\u00eda e I+D en procesamiento de minerales e hidrometalurgia para proyectos mineros.","breadcrumb":{"@id":"https:\/\/www.riotintoproyectos.com\/es\/servicios\/#breadcrumb"},"inLanguage":"es","potentialAction":[{"@type":"ReadAction","target":["https:\/\/www.riotintoproyectos.com\/es\/servicios\/"]}]},{"@type":"BreadcrumbList","@id":"https:\/\/www.riotintoproyectos.com\/es\/servicios\/#breadcrumb","itemListElement":[{"@type":"ListItem","position":1,"name":"Home","item":"https:\/\/www.riotintoproyectos.com\/es\/"},{"@type":"ListItem","position":2,"name":"Servicios"}]},{"@type":"WebSite","@id":"https:\/\/www.riotintoproyectos.com\/es\/#website","url":"https:\/\/www.riotintoproyectos.com\/es\/","name":"RioTinto Proyectos y Desarrollos","description":"Procesamiento de Minerales - Hidrometalugia - Reciclaje","publisher":{"@id":"https:\/\/www.riotintoproyectos.com\/es\/#organization"},"alternateName":"RioTinto Proyectos","potentialAction":[{"@type":"SearchAction","target":{"@type":"EntryPoint","urlTemplate":"https:\/\/www.riotintoproyectos.com\/es\/?s={search_term_string}"},"query-input":{"@type":"PropertyValueSpecification","valueRequired":true,"valueName":"search_term_string"}}],"inLanguage":"es"},{"@type":"Organization","@id":"https:\/\/www.riotintoproyectos.com\/es\/#organization","name":"RioTinto Proyectos y Desarrollos","alternateName":"RioTinto","url":"https:\/\/www.riotintoproyectos.com\/es\/","logo":{"@type":"ImageObject","inLanguage":"es","@id":"https:\/\/www.riotintoproyectos.com\/es\/#\/schema\/logo\/image\/","url":"https:\/\/www.riotintoproyectos.com\/wp-content\/uploads\/Rio-Tinto-Proyectos-Logo-cuadrado.jpg","contentUrl":"https:\/\/www.riotintoproyectos.com\/wp-content\/uploads\/Rio-Tinto-Proyectos-Logo-cuadrado.jpg","width":600,"height":600,"caption":"RioTinto Proyectos y Desarrollos"},"image":{"@id":"https:\/\/www.riotintoproyectos.com\/es\/#\/schema\/logo\/image\/"}}]}},"_links":{"self":[{"href":"https:\/\/www.riotintoproyectos.com\/es\/wp-json\/wp\/v2\/pages\/81","targetHints":{"allow":["GET"]}}],"collection":[{"href":"https:\/\/www.riotintoproyectos.com\/es\/wp-json\/wp\/v2\/pages"}],"about":[{"href":"https:\/\/www.riotintoproyectos.com\/es\/wp-json\/wp\/v2\/types\/page"}],"author":[{"embeddable":true,"href":"https:\/\/www.riotintoproyectos.com\/es\/wp-json\/wp\/v2\/users\/1"}],"replies":[{"embeddable":true,"href":"https:\/\/www.riotintoproyectos.com\/es\/wp-json\/wp\/v2\/comments?post=81"}],"version-history":[{"count":0,"href":"https:\/\/www.riotintoproyectos.com\/es\/wp-json\/wp\/v2\/pages\/81\/revisions"}],"wp:attachment":[{"href":"https:\/\/www.riotintoproyectos.com\/es\/wp-json\/wp\/v2\/media?parent=81"}],"curies":[{"name":"wp","href":"https:\/\/api.w.org\/{rel}","templated":true}]}}