{"id":80,"date":"2025-11-12T16:25:46","date_gmt":"2025-11-12T15:25:46","guid":{"rendered":"https:\/\/www.riotintoproyectos.com\/la-empresa\/"},"modified":"2026-04-24T14:23:08","modified_gmt":"2026-04-24T12:23:08","slug":"la-empresa","status":"publish","type":"page","link":"https:\/\/www.riotintoproyectos.com\/es\/la-empresa\/","title":{"rendered":"La Empresa"},"content":{"rendered":"<div class=\"et_pb_section_0 et_pb_section et_section_regular et_flex_section\">\n<div class=\"et_pb_row_0 et_pb_row et_flex_row\">\n<div class=\"et_pb_column_0 et_pb_column et-last-child et_flex_column et_pb_css_mix_blend_mode_passthrough et_flex_column_24_24 et_flex_column_24_24_tablet et_flex_column_24_24_phone\">\n<div class=\"et_pb_heading_0 et_pb_heading et_pb_module et_flex_module\"><div class=\"et_pb_heading_container\"><h1 class=\"et_pb_module_header\">La Empresa<\/h1><\/div><\/div>\n<\/div>\n<\/div>\n\n<div class=\"et_pb_row_1 et_pb_row et_flex_row\">\n<div class=\"et_pb_column_1 et_pb_column et-last-child et_flex_column et_pb_css_mix_blend_mode_passthrough et_flex_column_24_24 et_flex_column_24_24_tablet et_flex_column_24_24_phone\">\n<div class=\"et_pb_text_0 et_pb_text et_pb_bg_layout_light et_pb_module et_flex_module\"><div class=\"et_pb_text_inner\"><h2><strong><u>OBJETIVOS<\/u><\/strong><\/h2>\n<p><strong>Desarrollar e implementar soluciones tecnol\u00f3gicas avanzadas, eficientes y sostenibles que son necesarias para las industrias minera y metal\u00fargica del s. XXI y que repercutan en el progreso y en el bienestar social.<\/strong><\/p>\n<p><strong>RioTinto Proyectos y Desarrollos, S.L. (RTP) <\/strong>es una empresa dedicada a la consultor\u00eda y asesor\u00eda de empresas, principalmente del sector minero-metal\u00fargico, y al desarrollo de soluciones tecnol\u00f3gicas avanzadas que son necesarias para mejorar y optimizar los procesos productivos que deben alcanzar los est\u00e1ndares de calidad, sostenibilidad y progreso social que se exigen a las industrias del s. XXI.<\/p>\n<p>RTP ha sido fundada por expertos de alto nivel en Hidrometalurgia, en Mineralurgia (procesamiento de minerales) y en el Reciclado y Reutilizaci\u00f3n de materiales secundarios (Econom\u00eda Circular), que cuentan con una amplia y fruct\u00edfera trayectoria profesional en la investigaci\u00f3n, desarrollo e implementaci\u00f3n de nuevas tecnolog\u00edas, y con una larga y s\u00f3lida experiencia en la producci\u00f3n y operaci\u00f3n de plantas industriales, as\u00ed como en la direcci\u00f3n de empresas y de proyectos y equipos de trabajo desde los a\u00f1os 80 del siglo pasado.<\/p>\n<p>RTP tiene como objetivos primordiales la cooperaci\u00f3n con empresas e instituciones, principalmente empresas mineras y metal\u00fargicas, para desarrollar las soluciones tecnol\u00f3gicas m\u00e1s avanzadas, eficientes y sostenibles en sus nuevos proyectos y mejorar y optimizar sus procesos productivos y sus plantas industriales existentes, ofreciendo: (i) tecnolog\u00edas id\u00f3neas y eficientes, (ii) asistencia en la planificaci\u00f3n y ejecuci\u00f3n de las pruebas metal\u00fargicas desde el laboratorio hasta planta piloto, (iii) el dise\u00f1o e ingenier\u00eda de los nuevos procesos y su posterior implantaci\u00f3n industrial, as\u00ed como, (iv) la ejecuci\u00f3n de estudios de viabilidad y evaluaci\u00f3n tecno-econ\u00f3mica de los proyectos desarrollados.    <\/p>\n<p>Otro aspecto destacable, donde RTP puede ofrecer las soluciones m\u00e1s id\u00f3neas a las industrias, es el desarrollo de proyectos basados en el concepto de Econom\u00eda Circular, focalizado en el Reciclado y Reutilizaci\u00f3n de residuos mineros e industriales, por ejemplo, bater\u00edas agotadas.<\/p>\n<p>La ambici\u00f3n de RTP es llegar a ser un socio fiable y de confianza al servicio de la industria, particularmente en el sector minero-metal\u00fargico.<\/p>\n<\/div><\/div>\n\n<div class=\"et_pb_image_0 et_pb_image et_pb_module et_flex_module\"><span class=\"et_pb_image_wrap\"><img loading=\"lazy\" decoding=\"async\" src=\"https:\/\/www.riotintoproyectos.com\/wp-content\/uploads\/Procesamiento-de-minerales-RioTinto-Proyectos.avif\" alt=\"Procesamiento de minerales - RioTinto Proyectos\" title=\"Procesamiento de minerales - RioTinto Proyectos\" width=\"958\" height=\"584\" srcset=\"https:\/\/www.riotintoproyectos.com\/wp-content\/uploads\/Procesamiento-de-minerales-RioTinto-Proyectos.avif 958w, https:\/\/www.riotintoproyectos.com\/wp-content\/uploads\/Procesamiento-de-minerales-RioTinto-Proyectos-300x183.jpg 300w, https:\/\/www.riotintoproyectos.com\/wp-content\/uploads\/Procesamiento-de-minerales-RioTinto-Proyectos-768x468.jpg 768w, https:\/\/www.riotintoproyectos.com\/wp-content\/uploads\/Procesamiento-de-minerales-RioTinto-Proyectos-480x293.jpg 480w\" sizes=\"(max-width: 958px) 100vw, 958px\" class=\"wp-image-101\" \/><\/span><\/div>\n<\/div>\n<\/div>\n\n<div class=\"et_pb_row_2 et_pb_row et_flex_row\">\n<div class=\"et_pb_column_2 et_pb_column et-last-child et_flex_column et_pb_css_mix_blend_mode_passthrough et_flex_column_24_24 et_flex_column_24_24_tablet et_flex_column_24_24_phone\">\n<div class=\"et_pb_text_1 et_pb_text et_pb_bg_layout_light et_pb_module et_flex_module\"><div class=\"et_pb_text_inner\"><h2><strong><u>MISI\u00d3N<\/u><\/strong><\/h2>\n<p><strong>Cooperar con la industria minero-metal\u00fargica para desarrollar y aplicar soluciones inteligentes y de bajo riesgo para necesidades o problemas espec\u00edficos.<\/strong><\/p>\n<p><strong>El equipo de RTP <\/strong>cuenta con el conocimiento y la experiencia profesional necesarios para dise\u00f1ar y desarrollar tecnolog\u00edas basadas en la Mineralurgia (procesamiento de minerales) y en la Hidrometalurgia (incluyendo Bio-hidrometalurgia y Electrometalurgia) que se adaptan y se integran eficientemente en cada proyecto o aplicaci\u00f3n espec\u00edfica, cubriendo la cadena de valor que habitualmente incluye: (i) an\u00e1lisis geometal\u00fargico, (ii) flotaci\u00f3n y concentraci\u00f3n, (iii) lixiviaci\u00f3n, (iv) purificaci\u00f3n y extracci\u00f3n con disolventes, (v) obtenci\u00f3n de metales mediante t\u00e9cnicas f\u00edsico-qu\u00edmicas y electrol\u00edticas, (vi) su refinado, y (vii) su comercializaci\u00f3n, as\u00ed como (viii) el reciclado de materiales secundarios, bater\u00edas agotadas, etc. En la medida de lo razonable, las soluciones tecnol\u00f3gicas propuestas se basar\u00e1n en procesos existentes y probados, y cuando se necesiten tecnolog\u00edas emergentes e innovadoras el equipo de RTP propondr\u00e1 soluciones adaptadas y de bajo riesgo, con objeto de facilitar la implantaci\u00f3n industrial de los nuevos proyectos en condiciones fiables y factibles.         <\/p>\n<\/div><\/div>\n<\/div>\n<\/div>\n\n<div class=\"et_pb_row_3 et_pb_row et_flex_row\">\n<div class=\"et_pb_column_3 et_pb_column et-last-child et_flex_column et_pb_css_mix_blend_mode_passthrough et_flex_column_24_24 et_flex_column_24_24_tablet et_flex_column_24_24_phone\">\n<div class=\"et_pb_text_2 et_pb_text et_pb_bg_layout_light et_pb_module et_flex_module\"><div class=\"et_pb_text_inner\"><h2><strong><u>ESTRATEGIA<\/u><\/strong><\/h2>\n<p><strong>Dentro del \u00e1rea de la Ingenier\u00eda Metal\u00fargica, el enfoque tecnol\u00f3gico que propone y desarrolla RTP tiene como objetivo producir metales refinados y de alto valor en la propia mina, siguiendo el concepto avanzado \u201cDE LA MINA AL METAL (MINE-TO-METAL)\u201d.<\/strong><\/p>\n<p><strong>Dentro del \u00e1rea de la Ingenier\u00eda Metal\u00fargica<\/strong>, RTP propone a sus clientes soluciones tecnol\u00f3gicas basadas en la Hidrometalurgia, que incluye adem\u00e1s los campos de Bio-hidrometalurgia y Electrometalurgia, aplicando el concepto avanzado \u201cDe la Mina al Metal (Mine-to-Metal)\u201d, que presenta grandes ventajas frente al enfoque convencional de producci\u00f3n de concentrados met\u00e1licos y su posterior tratamiento en refiner\u00edas localizadas normalmente a grandes distancias:<\/p>\n<ul>\n<li>Las soluciones tecnol\u00f3gicas basadas en la Hidrometalurgia, que incluye los campos de la Bio-hidrometalurgia y la Electrometalurgia, permiten tratar concentrados polimet\u00e1licos de baja ley y sucios, que no pueden tratarse en las fundiciones convencionales.<\/li>\n<li>Se consigue la mayor eficiencia de los recursos minerales y se maximiza la extracci\u00f3n de metales gracias a producir concentrados de baja ley con m\u00e1xima recuperaci\u00f3n de metales y conteniendo impurezas que no son penalizadas en el tratamiento hidrometal\u00fargico.<\/li>\n<li>Las tecnolog\u00edas Hidrometal\u00fargicas permiten extraer metales de alto valor econ\u00f3mico y estrat\u00e9gico: CRM, SRM y REE.<\/li>\n<li>La huella ambiental se minimiza porque queda confinada y limitada al espacio operativo de la mina, ya que no es necesario transportar concentrados a lugares lejanos, evitando posibles derrames y contaminaci\u00f3n del aire, y los residuos generados se manejan y se depositan en un almacenamiento seco en la propia mina de una manera segura.<\/li>\n<\/ul>\n<\/div><\/div>\n<\/div>\n<\/div>\n<\/div>","protected":false},"excerpt":{"rendered":"","protected":false},"author":1,"featured_media":102,"parent":0,"menu_order":1,"comment_status":"closed","ping_status":"closed","template":"","meta":{"footnotes":""},"class_list":["post-80","page","type-page","status-publish","has-post-thumbnail","hentry"],"yoast_head":"<!-- This site is optimized with the Yoast SEO plugin v27.5 - https:\/\/yoast.com\/product\/yoast-seo-wordpress\/ -->\n<title>RioTinto Proyectos | Ingenier\u00eda Minera y Metal\u00fargica<\/title>\n<meta name=\"description\" content=\"Empresa de consultor\u00eda e ingenier\u00eda especializada en procesamiento de minerales, hidrometalurgia y recuperaci\u00f3n de metales.\" \/>\n<meta name=\"robots\" content=\"index, follow, max-snippet:-1, max-image-preview:large, max-video-preview:-1\" \/>\n<link rel=\"canonical\" href=\"https:\/\/www.riotintoproyectos.com\/es\/la-empresa\/\" \/>\n<meta property=\"og:locale\" content=\"es_ES\" \/>\n<meta property=\"og:type\" content=\"article\" \/>\n<meta property=\"og:title\" content=\"RioTinto Proyectos | Ingenier\u00eda Minera y Metal\u00fargica\" \/>\n<meta property=\"og:description\" content=\"Empresa de consultor\u00eda e ingenier\u00eda especializada en procesamiento de minerales, hidrometalurgia y recuperaci\u00f3n de metales.\" \/>\n<meta property=\"og:url\" content=\"https:\/\/www.riotintoproyectos.com\/es\/la-empresa\/\" \/>\n<meta property=\"og:site_name\" content=\"RioTinto Proyectos y Desarrollos\" \/>\n<meta property=\"article:modified_time\" content=\"2026-04-24T12:23:08+00:00\" \/>\n<meta name=\"twitter:card\" content=\"summary_large_image\" \/>\n<script type=\"application\/ld+json\" class=\"yoast-schema-graph\">{\"@context\":\"https:\\\/\\\/schema.org\",\"@graph\":[{\"@type\":\"WebPage\",\"@id\":\"https:\\\/\\\/www.riotintoproyectos.com\\\/es\\\/la-empresa\\\/\",\"url\":\"https:\\\/\\\/www.riotintoproyectos.com\\\/es\\\/la-empresa\\\/\",\"name\":\"RioTinto Proyectos | Ingenier\u00eda Minera y Metal\u00fargica\",\"isPartOf\":{\"@id\":\"https:\\\/\\\/www.riotintoproyectos.com\\\/es\\\/#website\"},\"primaryImageOfPage\":{\"@id\":\"https:\\\/\\\/www.riotintoproyectos.com\\\/es\\\/la-empresa\\\/#primaryimage\"},\"image\":{\"@id\":\"https:\\\/\\\/www.riotintoproyectos.com\\\/es\\\/la-empresa\\\/#primaryimage\"},\"thumbnailUrl\":\"https:\\\/\\\/www.riotintoproyectos.com\\\/wp-content\\\/uploads\\\/Procesamiento-de-minerales-RioTinto-Proyectos.avif\",\"datePublished\":\"2025-11-12T15:25:46+00:00\",\"dateModified\":\"2026-04-24T12:23:08+00:00\",\"description\":\"Empresa de consultor\u00eda e ingenier\u00eda especializada en procesamiento de minerales, hidrometalurgia y recuperaci\u00f3n de metales.\",\"breadcrumb\":{\"@id\":\"https:\\\/\\\/www.riotintoproyectos.com\\\/es\\\/la-empresa\\\/#breadcrumb\"},\"inLanguage\":\"es\",\"potentialAction\":[{\"@type\":\"ReadAction\",\"target\":[\"https:\\\/\\\/www.riotintoproyectos.com\\\/es\\\/la-empresa\\\/\"]}]},{\"@type\":\"ImageObject\",\"inLanguage\":\"es\",\"@id\":\"https:\\\/\\\/www.riotintoproyectos.com\\\/es\\\/la-empresa\\\/#primaryimage\",\"url\":\"https:\\\/\\\/www.riotintoproyectos.com\\\/wp-content\\\/uploads\\\/Procesamiento-de-minerales-RioTinto-Proyectos.avif\",\"contentUrl\":\"https:\\\/\\\/www.riotintoproyectos.com\\\/wp-content\\\/uploads\\\/Procesamiento-de-minerales-RioTinto-Proyectos.avif\",\"width\":958,\"height\":584,\"caption\":\"Procesamiento de minerales - RioTinto Proyectos\"},{\"@type\":\"BreadcrumbList\",\"@id\":\"https:\\\/\\\/www.riotintoproyectos.com\\\/es\\\/la-empresa\\\/#breadcrumb\",\"itemListElement\":[{\"@type\":\"ListItem\",\"position\":1,\"name\":\"Home\",\"item\":\"https:\\\/\\\/www.riotintoproyectos.com\\\/es\\\/\"},{\"@type\":\"ListItem\",\"position\":2,\"name\":\"La Empresa\"}]},{\"@type\":\"WebSite\",\"@id\":\"https:\\\/\\\/www.riotintoproyectos.com\\\/es\\\/#website\",\"url\":\"https:\\\/\\\/www.riotintoproyectos.com\\\/es\\\/\",\"name\":\"RioTinto Proyectos y Desarrollos\",\"description\":\"Procesamiento de Minerales - Hidrometalugia - Reciclaje\",\"publisher\":{\"@id\":\"https:\\\/\\\/www.riotintoproyectos.com\\\/es\\\/#organization\"},\"alternateName\":\"RioTinto Proyectos\",\"potentialAction\":[{\"@type\":\"SearchAction\",\"target\":{\"@type\":\"EntryPoint\",\"urlTemplate\":\"https:\\\/\\\/www.riotintoproyectos.com\\\/es\\\/?s={search_term_string}\"},\"query-input\":{\"@type\":\"PropertyValueSpecification\",\"valueRequired\":true,\"valueName\":\"search_term_string\"}}],\"inLanguage\":\"es\"},{\"@type\":\"Organization\",\"@id\":\"https:\\\/\\\/www.riotintoproyectos.com\\\/es\\\/#organization\",\"name\":\"RioTinto Proyectos y Desarrollos\",\"alternateName\":\"RioTinto\",\"url\":\"https:\\\/\\\/www.riotintoproyectos.com\\\/es\\\/\",\"logo\":{\"@type\":\"ImageObject\",\"inLanguage\":\"es\",\"@id\":\"https:\\\/\\\/www.riotintoproyectos.com\\\/es\\\/#\\\/schema\\\/logo\\\/image\\\/\",\"url\":\"https:\\\/\\\/www.riotintoproyectos.com\\\/wp-content\\\/uploads\\\/Rio-Tinto-Proyectos-Logo-cuadrado.jpg\",\"contentUrl\":\"https:\\\/\\\/www.riotintoproyectos.com\\\/wp-content\\\/uploads\\\/Rio-Tinto-Proyectos-Logo-cuadrado.jpg\",\"width\":600,\"height\":600,\"caption\":\"RioTinto Proyectos y Desarrollos\"},\"image\":{\"@id\":\"https:\\\/\\\/www.riotintoproyectos.com\\\/es\\\/#\\\/schema\\\/logo\\\/image\\\/\"}}]}<\/script>\n<!-- \/ Yoast SEO plugin. -->","yoast_head_json":{"title":"RioTinto Proyectos | Ingenier\u00eda Minera y Metal\u00fargica","description":"Empresa de consultor\u00eda e ingenier\u00eda especializada en procesamiento de minerales, hidrometalurgia y recuperaci\u00f3n de metales.","robots":{"index":"index","follow":"follow","max-snippet":"max-snippet:-1","max-image-preview":"max-image-preview:large","max-video-preview":"max-video-preview:-1"},"canonical":"https:\/\/www.riotintoproyectos.com\/es\/la-empresa\/","og_locale":"es_ES","og_type":"article","og_title":"RioTinto Proyectos | Ingenier\u00eda Minera y Metal\u00fargica","og_description":"Empresa de consultor\u00eda e ingenier\u00eda especializada en procesamiento de minerales, hidrometalurgia y recuperaci\u00f3n de metales.","og_url":"https:\/\/www.riotintoproyectos.com\/es\/la-empresa\/","og_site_name":"RioTinto Proyectos y Desarrollos","article_modified_time":"2026-04-24T12:23:08+00:00","twitter_card":"summary_large_image","schema":{"@context":"https:\/\/schema.org","@graph":[{"@type":"WebPage","@id":"https:\/\/www.riotintoproyectos.com\/es\/la-empresa\/","url":"https:\/\/www.riotintoproyectos.com\/es\/la-empresa\/","name":"RioTinto Proyectos | Ingenier\u00eda Minera y Metal\u00fargica","isPartOf":{"@id":"https:\/\/www.riotintoproyectos.com\/es\/#website"},"primaryImageOfPage":{"@id":"https:\/\/www.riotintoproyectos.com\/es\/la-empresa\/#primaryimage"},"image":{"@id":"https:\/\/www.riotintoproyectos.com\/es\/la-empresa\/#primaryimage"},"thumbnailUrl":"https:\/\/www.riotintoproyectos.com\/wp-content\/uploads\/Procesamiento-de-minerales-RioTinto-Proyectos.avif","datePublished":"2025-11-12T15:25:46+00:00","dateModified":"2026-04-24T12:23:08+00:00","description":"Empresa de consultor\u00eda e ingenier\u00eda especializada en procesamiento de minerales, hidrometalurgia y recuperaci\u00f3n de metales.","breadcrumb":{"@id":"https:\/\/www.riotintoproyectos.com\/es\/la-empresa\/#breadcrumb"},"inLanguage":"es","potentialAction":[{"@type":"ReadAction","target":["https:\/\/www.riotintoproyectos.com\/es\/la-empresa\/"]}]},{"@type":"ImageObject","inLanguage":"es","@id":"https:\/\/www.riotintoproyectos.com\/es\/la-empresa\/#primaryimage","url":"https:\/\/www.riotintoproyectos.com\/wp-content\/uploads\/Procesamiento-de-minerales-RioTinto-Proyectos.avif","contentUrl":"https:\/\/www.riotintoproyectos.com\/wp-content\/uploads\/Procesamiento-de-minerales-RioTinto-Proyectos.avif","width":958,"height":584,"caption":"Procesamiento de minerales - RioTinto Proyectos"},{"@type":"BreadcrumbList","@id":"https:\/\/www.riotintoproyectos.com\/es\/la-empresa\/#breadcrumb","itemListElement":[{"@type":"ListItem","position":1,"name":"Home","item":"https:\/\/www.riotintoproyectos.com\/es\/"},{"@type":"ListItem","position":2,"name":"La Empresa"}]},{"@type":"WebSite","@id":"https:\/\/www.riotintoproyectos.com\/es\/#website","url":"https:\/\/www.riotintoproyectos.com\/es\/","name":"RioTinto Proyectos y Desarrollos","description":"Procesamiento de Minerales - Hidrometalugia - Reciclaje","publisher":{"@id":"https:\/\/www.riotintoproyectos.com\/es\/#organization"},"alternateName":"RioTinto Proyectos","potentialAction":[{"@type":"SearchAction","target":{"@type":"EntryPoint","urlTemplate":"https:\/\/www.riotintoproyectos.com\/es\/?s={search_term_string}"},"query-input":{"@type":"PropertyValueSpecification","valueRequired":true,"valueName":"search_term_string"}}],"inLanguage":"es"},{"@type":"Organization","@id":"https:\/\/www.riotintoproyectos.com\/es\/#organization","name":"RioTinto Proyectos y Desarrollos","alternateName":"RioTinto","url":"https:\/\/www.riotintoproyectos.com\/es\/","logo":{"@type":"ImageObject","inLanguage":"es","@id":"https:\/\/www.riotintoproyectos.com\/es\/#\/schema\/logo\/image\/","url":"https:\/\/www.riotintoproyectos.com\/wp-content\/uploads\/Rio-Tinto-Proyectos-Logo-cuadrado.jpg","contentUrl":"https:\/\/www.riotintoproyectos.com\/wp-content\/uploads\/Rio-Tinto-Proyectos-Logo-cuadrado.jpg","width":600,"height":600,"caption":"RioTinto Proyectos y Desarrollos"},"image":{"@id":"https:\/\/www.riotintoproyectos.com\/es\/#\/schema\/logo\/image\/"}}]}},"_links":{"self":[{"href":"https:\/\/www.riotintoproyectos.com\/es\/wp-json\/wp\/v2\/pages\/80","targetHints":{"allow":["GET"]}}],"collection":[{"href":"https:\/\/www.riotintoproyectos.com\/es\/wp-json\/wp\/v2\/pages"}],"about":[{"href":"https:\/\/www.riotintoproyectos.com\/es\/wp-json\/wp\/v2\/types\/page"}],"author":[{"embeddable":true,"href":"https:\/\/www.riotintoproyectos.com\/es\/wp-json\/wp\/v2\/users\/1"}],"replies":[{"embeddable":true,"href":"https:\/\/www.riotintoproyectos.com\/es\/wp-json\/wp\/v2\/comments?post=80"}],"version-history":[{"count":0,"href":"https:\/\/www.riotintoproyectos.com\/es\/wp-json\/wp\/v2\/pages\/80\/revisions"}],"wp:featuredmedia":[{"embeddable":true,"href":"https:\/\/www.riotintoproyectos.com\/es\/wp-json\/wp\/v2\/media\/102"}],"wp:attachment":[{"href":"https:\/\/www.riotintoproyectos.com\/es\/wp-json\/wp\/v2\/media?parent=80"}],"curies":[{"name":"wp","href":"https:\/\/api.w.org\/{rel}","templated":true}]}}