{"id":62,"date":"2025-11-10T16:25:31","date_gmt":"2025-11-10T15:25:31","guid":{"rendered":"https:\/\/www.riotintoproyectos.com\/inicio\/"},"modified":"2026-04-24T13:42:19","modified_gmt":"2026-04-24T11:42:19","slug":"inicio","status":"publish","type":"page","link":"https:\/\/www.riotintoproyectos.com\/es\/","title":{"rendered":"Portada"},"content":{"rendered":"<div class=\"et_pb_section_0 et_pb_section et_section_regular et_flex_section\">\n<div class=\"et_pb_row_0 et_pb_row et_flex_row\">\n<div class=\"et_pb_column_0 et_pb_column et-last-child et_flex_column et_pb_css_mix_blend_mode_passthrough et_flex_column_24_24 et_flex_column_24_24_tablet et_flex_column_24_24_phone\">\n<div class=\"et_pb_text_0 et_pb_text et_pb_bg_layout_light et_pb_module et_flex_module\"><div class=\"et_pb_text_inner\"><h1>PROCESAMIENTO DE MINERALES - HIDROMETALURGIA - RECICLAJE<\/h1>\n<\/div><\/div>\n\n<div class=\"et_pb_group_0 et_pb_group et-last-child et_pb_module et_flex_group et_pb_css_mix_blend_mode_passthrough\">\n<div class=\"et_pb_image_0 et_pb_image et_pb_module et_flex_module\"><span class=\"et_pb_image_wrap\"><img loading=\"lazy\" decoding=\"async\" src=\"https:\/\/www.riotintoproyectos.com\/wp-content\/uploads\/Rio-Tinto-Proyectos.avif\" alt=\"Rio Tinto Proyectos\" title=\"Rio Tinto Proyectos\" width=\"1042\" height=\"388\" srcset=\"https:\/\/www.riotintoproyectos.com\/wp-content\/uploads\/Rio-Tinto-Proyectos.avif 1042w, https:\/\/www.riotintoproyectos.com\/wp-content\/uploads\/Rio-Tinto-Proyectos-300x112.jpg 300w, https:\/\/www.riotintoproyectos.com\/wp-content\/uploads\/Rio-Tinto-Proyectos-1024x381.jpg 1024w, https:\/\/www.riotintoproyectos.com\/wp-content\/uploads\/Rio-Tinto-Proyectos-768x286.jpg 768w, https:\/\/www.riotintoproyectos.com\/wp-content\/uploads\/Rio-Tinto-Proyectos-980x365.jpg 980w, https:\/\/www.riotintoproyectos.com\/wp-content\/uploads\/Rio-Tinto-Proyectos-480x179.jpg 480w\" sizes=\"(max-width: 1042px) 100vw, 1042px\" class=\"wp-image-93\" \/><\/span><\/div>\n<\/div>\n<\/div>\n<\/div>\n\n<div class=\"et_pb_row_1 et_pb_row et_flex_row\">\n<div class=\"et_pb_column_1 et_pb_column et-last-child et_flex_column et_pb_css_mix_blend_mode_passthrough et_flex_column_24_24 et_flex_column_24_24_tablet et_flex_column_24_24_phone\">\n<div class=\"et_pb_text_1 et_pb_text et_pb_bg_layout_light et_pb_module et_flex_module\"><div class=\"et_pb_text_inner\"><p>Las minas de RioTinto, situadas en la Faja Pir\u00edtica Ib\u00e9rica (Espa\u00f1a), son, probablemente, las minas de cobre m\u00e1s antiguas del mundo a\u00fan en producci\u00f3n, iniciando su actividad con anterioridad al a\u00f1o 1000 a.C. A finales del siglo XIX, las minas de RioTinto eran los mayores productores de cobre del mundo, integrando las tecnolog\u00edas m\u00e1s modernas de la \u00e9poca en la extracci\u00f3n de mineral y en la fundici\u00f3n y refinado de cobre metal. A lo largo su historia, desde tiempos antiguos hasta la actualidad, la se\u00f1a de identidad de las minas de RioTinto es haber sido pioneros a nivel mundial en desarrollar las tecnolog\u00edas m\u00e1s avanzadas, eficientes e innovadoras en el sector minero-metal\u00fargico. En este portal-web, RioTinto Proyectos y Desarrollos S.L. quiere rendir un sincero y merecido homenaje a todos los trabajadores (empleados, t\u00e9cnicos, ingenieros) que han dedicado lo mejor de sus conocimientos y todo su esfuerzo para conseguir los resultados m\u00e1s exitosos y satisfactorios en su trabajo diario. Felicitaciones a todos ellos porque representan un modelo de referencia para todas las personas que se sienten orgullosas de trabajar en las industrias minera y metal\u00fargica.<\/p>\n<\/div><\/div>\n<\/div>\n<\/div>\n<\/div>","protected":false},"excerpt":{"rendered":"","protected":false},"author":1,"featured_media":94,"parent":0,"menu_order":0,"comment_status":"closed","ping_status":"closed","template":"","meta":{"footnotes":""},"class_list":["post-62","page","type-page","status-publish","has-post-thumbnail","hentry"],"yoast_head":"<!-- This site is optimized with the Yoast SEO plugin v27.5 - https:\/\/yoast.com\/product\/yoast-seo-wordpress\/ -->\n<title>RioTinto Proyectos | Procesamiento de Minerales e Hidrometalurgia<\/title>\n<meta name=\"description\" content=\"Consultor\u00eda, ingenier\u00eda e I+D en procesamiento de minerales, hidrometalurgia y reciclaje para la industria minera.\" \/>\n<meta name=\"robots\" content=\"index, follow, max-snippet:-1, max-image-preview:large, max-video-preview:-1\" \/>\n<link rel=\"canonical\" href=\"https:\/\/www.riotintoproyectos.com\/es\/\" \/>\n<meta property=\"og:locale\" content=\"es_ES\" \/>\n<meta property=\"og:type\" content=\"article\" \/>\n<meta property=\"og:title\" content=\"RioTinto Proyectos | Procesamiento de Minerales e Hidrometalurgia\" \/>\n<meta property=\"og:description\" content=\"Consultor\u00eda, ingenier\u00eda e I+D en procesamiento de minerales, hidrometalurgia y reciclaje para la industria minera.\" \/>\n<meta property=\"og:url\" content=\"https:\/\/www.riotintoproyectos.com\/es\/\" \/>\n<meta property=\"og:site_name\" content=\"RioTinto Proyectos y Desarrollos\" \/>\n<meta property=\"article:modified_time\" content=\"2026-04-24T11:42:19+00:00\" \/>\n<meta name=\"twitter:card\" content=\"summary_large_image\" \/>\n<script type=\"application\/ld+json\" class=\"yoast-schema-graph\">{\"@context\":\"https:\\\/\\\/schema.org\",\"@graph\":[{\"@type\":\"WebPage\",\"@id\":\"https:\\\/\\\/www.riotintoproyectos.com\\\/es\\\/\",\"url\":\"https:\\\/\\\/www.riotintoproyectos.com\\\/es\\\/\",\"name\":\"RioTinto Proyectos | Procesamiento de Minerales e Hidrometalurgia\",\"isPartOf\":{\"@id\":\"https:\\\/\\\/www.riotintoproyectos.com\\\/es\\\/#website\"},\"primaryImageOfPage\":{\"@id\":\"https:\\\/\\\/www.riotintoproyectos.com\\\/es\\\/#primaryimage\"},\"image\":{\"@id\":\"https:\\\/\\\/www.riotintoproyectos.com\\\/es\\\/#primaryimage\"},\"thumbnailUrl\":\"https:\\\/\\\/www.riotintoproyectos.com\\\/wp-content\\\/uploads\\\/Rio-Tinto-Proyectos.avif\",\"datePublished\":\"2025-11-10T15:25:31+00:00\",\"dateModified\":\"2026-04-24T11:42:19+00:00\",\"description\":\"Consultor\u00eda, ingenier\u00eda e I+D en procesamiento de minerales, hidrometalurgia y reciclaje para la industria minera.\",\"breadcrumb\":{\"@id\":\"https:\\\/\\\/www.riotintoproyectos.com\\\/es\\\/#breadcrumb\"},\"inLanguage\":\"es\",\"potentialAction\":[{\"@type\":\"ReadAction\",\"target\":[\"https:\\\/\\\/www.riotintoproyectos.com\\\/es\\\/\"]}]},{\"@type\":\"ImageObject\",\"inLanguage\":\"es\",\"@id\":\"https:\\\/\\\/www.riotintoproyectos.com\\\/es\\\/#primaryimage\",\"url\":\"https:\\\/\\\/www.riotintoproyectos.com\\\/wp-content\\\/uploads\\\/Rio-Tinto-Proyectos.avif\",\"contentUrl\":\"https:\\\/\\\/www.riotintoproyectos.com\\\/wp-content\\\/uploads\\\/Rio-Tinto-Proyectos.avif\",\"width\":1042,\"height\":388,\"caption\":\"Rio Tinto Proyectos\"},{\"@type\":\"BreadcrumbList\",\"@id\":\"https:\\\/\\\/www.riotintoproyectos.com\\\/es\\\/#breadcrumb\",\"itemListElement\":[{\"@type\":\"ListItem\",\"position\":1,\"name\":\"Home\",\"item\":\"https:\\\/\\\/www.riotintoproyectos.com\\\/es\\\/\"},{\"@type\":\"ListItem\",\"position\":2,\"name\":\"Portada\"}]},{\"@type\":\"WebSite\",\"@id\":\"https:\\\/\\\/www.riotintoproyectos.com\\\/es\\\/#website\",\"url\":\"https:\\\/\\\/www.riotintoproyectos.com\\\/es\\\/\",\"name\":\"RioTinto Proyectos y Desarrollos\",\"description\":\"Procesamiento de Minerales - Hidrometalugia - Reciclaje\",\"publisher\":{\"@id\":\"https:\\\/\\\/www.riotintoproyectos.com\\\/es\\\/#organization\"},\"alternateName\":\"RioTinto Proyectos\",\"potentialAction\":[{\"@type\":\"SearchAction\",\"target\":{\"@type\":\"EntryPoint\",\"urlTemplate\":\"https:\\\/\\\/www.riotintoproyectos.com\\\/es\\\/?s={search_term_string}\"},\"query-input\":{\"@type\":\"PropertyValueSpecification\",\"valueRequired\":true,\"valueName\":\"search_term_string\"}}],\"inLanguage\":\"es\"},{\"@type\":\"Organization\",\"@id\":\"https:\\\/\\\/www.riotintoproyectos.com\\\/es\\\/#organization\",\"name\":\"RioTinto Proyectos y Desarrollos\",\"alternateName\":\"RioTinto\",\"url\":\"https:\\\/\\\/www.riotintoproyectos.com\\\/es\\\/\",\"logo\":{\"@type\":\"ImageObject\",\"inLanguage\":\"es\",\"@id\":\"https:\\\/\\\/www.riotintoproyectos.com\\\/es\\\/#\\\/schema\\\/logo\\\/image\\\/\",\"url\":\"https:\\\/\\\/www.riotintoproyectos.com\\\/wp-content\\\/uploads\\\/Rio-Tinto-Proyectos-Logo-cuadrado.jpg\",\"contentUrl\":\"https:\\\/\\\/www.riotintoproyectos.com\\\/wp-content\\\/uploads\\\/Rio-Tinto-Proyectos-Logo-cuadrado.jpg\",\"width\":600,\"height\":600,\"caption\":\"RioTinto Proyectos y Desarrollos\"},\"image\":{\"@id\":\"https:\\\/\\\/www.riotintoproyectos.com\\\/es\\\/#\\\/schema\\\/logo\\\/image\\\/\"}}]}<\/script>\n<!-- \/ Yoast SEO plugin. -->","yoast_head_json":{"title":"RioTinto Proyectos | Procesamiento de Minerales e Hidrometalurgia","description":"Consultor\u00eda, ingenier\u00eda e I+D en procesamiento de minerales, hidrometalurgia y reciclaje para la industria minera.","robots":{"index":"index","follow":"follow","max-snippet":"max-snippet:-1","max-image-preview":"max-image-preview:large","max-video-preview":"max-video-preview:-1"},"canonical":"https:\/\/www.riotintoproyectos.com\/es\/","og_locale":"es_ES","og_type":"article","og_title":"RioTinto Proyectos | Procesamiento de Minerales e Hidrometalurgia","og_description":"Consultor\u00eda, ingenier\u00eda e I+D en procesamiento de minerales, hidrometalurgia y reciclaje para la industria minera.","og_url":"https:\/\/www.riotintoproyectos.com\/es\/","og_site_name":"RioTinto Proyectos y Desarrollos","article_modified_time":"2026-04-24T11:42:19+00:00","twitter_card":"summary_large_image","schema":{"@context":"https:\/\/schema.org","@graph":[{"@type":"WebPage","@id":"https:\/\/www.riotintoproyectos.com\/es\/","url":"https:\/\/www.riotintoproyectos.com\/es\/","name":"RioTinto Proyectos | Procesamiento de Minerales e Hidrometalurgia","isPartOf":{"@id":"https:\/\/www.riotintoproyectos.com\/es\/#website"},"primaryImageOfPage":{"@id":"https:\/\/www.riotintoproyectos.com\/es\/#primaryimage"},"image":{"@id":"https:\/\/www.riotintoproyectos.com\/es\/#primaryimage"},"thumbnailUrl":"https:\/\/www.riotintoproyectos.com\/wp-content\/uploads\/Rio-Tinto-Proyectos.avif","datePublished":"2025-11-10T15:25:31+00:00","dateModified":"2026-04-24T11:42:19+00:00","description":"Consultor\u00eda, ingenier\u00eda e I+D en procesamiento de minerales, hidrometalurgia y reciclaje para la industria minera.","breadcrumb":{"@id":"https:\/\/www.riotintoproyectos.com\/es\/#breadcrumb"},"inLanguage":"es","potentialAction":[{"@type":"ReadAction","target":["https:\/\/www.riotintoproyectos.com\/es\/"]}]},{"@type":"ImageObject","inLanguage":"es","@id":"https:\/\/www.riotintoproyectos.com\/es\/#primaryimage","url":"https:\/\/www.riotintoproyectos.com\/wp-content\/uploads\/Rio-Tinto-Proyectos.avif","contentUrl":"https:\/\/www.riotintoproyectos.com\/wp-content\/uploads\/Rio-Tinto-Proyectos.avif","width":1042,"height":388,"caption":"Rio Tinto Proyectos"},{"@type":"BreadcrumbList","@id":"https:\/\/www.riotintoproyectos.com\/es\/#breadcrumb","itemListElement":[{"@type":"ListItem","position":1,"name":"Home","item":"https:\/\/www.riotintoproyectos.com\/es\/"},{"@type":"ListItem","position":2,"name":"Portada"}]},{"@type":"WebSite","@id":"https:\/\/www.riotintoproyectos.com\/es\/#website","url":"https:\/\/www.riotintoproyectos.com\/es\/","name":"RioTinto Proyectos y Desarrollos","description":"Procesamiento de Minerales - Hidrometalugia - Reciclaje","publisher":{"@id":"https:\/\/www.riotintoproyectos.com\/es\/#organization"},"alternateName":"RioTinto Proyectos","potentialAction":[{"@type":"SearchAction","target":{"@type":"EntryPoint","urlTemplate":"https:\/\/www.riotintoproyectos.com\/es\/?s={search_term_string}"},"query-input":{"@type":"PropertyValueSpecification","valueRequired":true,"valueName":"search_term_string"}}],"inLanguage":"es"},{"@type":"Organization","@id":"https:\/\/www.riotintoproyectos.com\/es\/#organization","name":"RioTinto Proyectos y Desarrollos","alternateName":"RioTinto","url":"https:\/\/www.riotintoproyectos.com\/es\/","logo":{"@type":"ImageObject","inLanguage":"es","@id":"https:\/\/www.riotintoproyectos.com\/es\/#\/schema\/logo\/image\/","url":"https:\/\/www.riotintoproyectos.com\/wp-content\/uploads\/Rio-Tinto-Proyectos-Logo-cuadrado.jpg","contentUrl":"https:\/\/www.riotintoproyectos.com\/wp-content\/uploads\/Rio-Tinto-Proyectos-Logo-cuadrado.jpg","width":600,"height":600,"caption":"RioTinto Proyectos y Desarrollos"},"image":{"@id":"https:\/\/www.riotintoproyectos.com\/es\/#\/schema\/logo\/image\/"}}]}},"_links":{"self":[{"href":"https:\/\/www.riotintoproyectos.com\/es\/wp-json\/wp\/v2\/pages\/62","targetHints":{"allow":["GET"]}}],"collection":[{"href":"https:\/\/www.riotintoproyectos.com\/es\/wp-json\/wp\/v2\/pages"}],"about":[{"href":"https:\/\/www.riotintoproyectos.com\/es\/wp-json\/wp\/v2\/types\/page"}],"author":[{"embeddable":true,"href":"https:\/\/www.riotintoproyectos.com\/es\/wp-json\/wp\/v2\/users\/1"}],"replies":[{"embeddable":true,"href":"https:\/\/www.riotintoproyectos.com\/es\/wp-json\/wp\/v2\/comments?post=62"}],"version-history":[{"count":0,"href":"https:\/\/www.riotintoproyectos.com\/es\/wp-json\/wp\/v2\/pages\/62\/revisions"}],"wp:featuredmedia":[{"embeddable":true,"href":"https:\/\/www.riotintoproyectos.com\/es\/wp-json\/wp\/v2\/media\/94"}],"wp:attachment":[{"href":"https:\/\/www.riotintoproyectos.com\/es\/wp-json\/wp\/v2\/media?parent=62"}],"curies":[{"name":"wp","href":"https:\/\/api.w.org\/{rel}","templated":true}]}}